{"id":305,"date":"2018-04-12T13:11:27","date_gmt":"2018-04-12T11:11:27","guid":{"rendered":"http:\/\/www.flair-2001.de\/firma\/?page_id=305"},"modified":"2018-05-16T12:04:10","modified_gmt":"2018-05-16T10:04:10","slug":"musterkatalog","status":"publish","type":"page","link":"http:\/\/www.flair-2001.de\/firma\/musterkatalog\/","title":{"rendered":"Musterkatalog"},"content":{"rendered":"<div style=\"display:block\">\n<!-- FlowPaper PDF flipbook plugin v.2.0.7 wordpress.org\/plugins\/flowpaper\/ -->\n<iframe title=\"FlowPaper flipbook pdf viewer\" width=\"100%\" height=\"500\" scrolling=\"no\" class=\"flowpaper-class\" frameborder=\"0\" allowFullScreen=\"true\" lightbox=\"false\" cover id src = \"http:\/\/flowpaper.com\/flipbook\/?pdf=http:\/\/www.flair-2001.de\/firma\/katalog.pdf&title=&header=&theme=&singlepage=&thumbs=1&modified=1805161204\" seamless=\"seamless\" style=\"margin-bottom:0;display:block;\">Your browser does not seem to support iframes. <a href=\"http:\/\/flowpaper.com\/flipbook\/?pdf=http:\/\/www.flair-2001.de\/firma\/katalog.pdf\" target=\"_blank\">Click here to read this PDF<\/a>.<\/iframe>\n<div id=\"flowpaper-logo-bottom\" class=\"flowpaper-logo-bg\" style=\"background:linear-gradient(to right, rgba(0,0,0,0.65) 0%,rgba(0,0,0,0) 200px);width:100%;height:19px; padding-bottom: 1px; padding-left: 5px; padding-right: 10px; display: flex; align-items: center;z-index:9999\"><span style=\"height: 37px; padding-left: 6px;width:90%\"> <a id=\"flowpaper-link\" style=\"fill: #fff\" alt=\"FlowPaper logotype\" title=\"FlowPaper logotype\" href=\"https:\/\/flowpaper.com\" target=\"_blank\"> <img decoding=\"async\" alt=\"Publish PDF flipbooks online\" style=\"height:17px;width:auto;margin-top:11px;\" src=\"http:\/\/www.flair-2001.de\/firma\/wp-content\/plugins\/flowpaper-lite-pdf-flipbook\/assets\/flowpaper-logo.png\" border=\"0\"> <\/a> <\/span><span style=\" float: right; right: 0; font-size: 10px; white-space: nowrap; opacity:0.8\"><a href=\"https:\/\/flowpaper.com\/flipbook-maker\/\" target=\"_new\" style=\"text-decoration:none;border-bottom:none;\">Created using FlowPaper Flipbook Maker &#8599;<\/a><\/span><\/div><\/div>\r\n                <script>\r\n                document.addEventListener(\"DOMContentLoaded\", function(){\r\n                    var target_element, iframe_element;\r\n                    iframe_element = document.querySelector(\"iframe.flowpaper-class\");\r\n                    target_element = document.querySelector(\"\");\r\n                    iframe_element.style.height = target_element.offsetHeight + \"px\";\r\n                });\r\n                <\/script>\r\n            \n<p>&nbsp;<\/p>\n<p>Hier f\u00fcr Sie der aktuelle Katalog als<\/p>\n<p><a href=\"http:\/\/flair-2001.de\/firma\/katalog.pdf\" target=\"_blank\" rel=\"noopener\">PDF Download<\/a>.<\/p>\n<p>Mit freundlichen Gr\u00fc\u00dfen<br \/>\nFlair-2001<\/p>\n","protected":false},"excerpt":{"rendered":"<div class=\"slide-text-bg2\"><span>&nbsp; Hier f\u00fcr Sie der aktuelle Katalog als PDF Download. Mit freundlichen Gr\u00fc\u00dfen Flair-2001<\/span><\/div>\n","protected":false},"author":1,"featured_media":0,"parent":0,"menu_order":0,"comment_status":"closed","ping_status":"closed","template":"","meta":{"ngg_post_thumbnail":0,"footnotes":""},"_links":{"self":[{"href":"http:\/\/www.flair-2001.de\/firma\/wp-json\/wp\/v2\/pages\/305"}],"collection":[{"href":"http:\/\/www.flair-2001.de\/firma\/wp-json\/wp\/v2\/pages"}],"about":[{"href":"http:\/\/www.flair-2001.de\/firma\/wp-json\/wp\/v2\/types\/page"}],"author":[{"embeddable":true,"href":"http:\/\/www.flair-2001.de\/firma\/wp-json\/wp\/v2\/users\/1"}],"replies":[{"embeddable":true,"href":"http:\/\/www.flair-2001.de\/firma\/wp-json\/wp\/v2\/comments?post=305"}],"version-history":[{"count":14,"href":"http:\/\/www.flair-2001.de\/firma\/wp-json\/wp\/v2\/pages\/305\/revisions"}],"predecessor-version":[{"id":406,"href":"http:\/\/www.flair-2001.de\/firma\/wp-json\/wp\/v2\/pages\/305\/revisions\/406"}],"wp:attachment":[{"href":"http:\/\/www.flair-2001.de\/firma\/wp-json\/wp\/v2\/media?parent=305"}],"curies":[{"name":"wp","href":"https:\/\/api.w.org\/{rel}","templated":true}]}}